{"id":95,"date":"2021-12-02T15:30:31","date_gmt":"2021-12-02T15:30:31","guid":{"rendered":"https:\/\/websitebuilder-demo.net\/alpinelodge\/?page_id=95"},"modified":"2026-05-06T18:04:38","modified_gmt":"2026-05-06T15:04:38","slug":"iletisim","status":"publish","type":"page","link":"https:\/\/dagdibibungalov.com\/?page_id=95","title":{"rendered":"\u0130leti\u015fim"},"content":{"rendered":"<div class=\"brz-root__container brz-reset-all brz brz-root__container-page\">\n<section id=\"_rdgwrahfvpijzlhvaesxmjywkaberfkivpxc\" class=\"brz-section brz-css-1d255v2\">\n<div class=\"brz-section__content brz-section--boxed brz-css-f8uoao brz-css-93hzei\" data-brz-custom-id=\"dbpkbkaycbdyfolhbooycijtfssdwhhqruog\">\n<div class=\"brz-bg\">\n<div class=\"brz-bg-image\"><\/div>\n<div class=\"brz-bg-color\"><\/div>\n<\/div>\n<div class=\"brz-container brz-css-1u8gf16 brz-css-e8662f\">\n<div id=\"\" class=\"brz-css-uofn9e brz-css-y2cl62 brz-wrapper\">\n<div class=\"brz-spacer brz-css-1cqu5zr brz-css-14wopkt\"><\/div>\n<\/div>\n<\/div>\n<\/div>\n<\/section>\n<section id=\"_ogfjpkzwdsoyrourkcjtxxryqqhsxlxygapk\" class=\"brz-section brz-css-1d255v2\">\n<div class=\"brz-section__content brz-section--boxed brz-css-f8uoao brz-css-djp7oy\" data-brz-custom-id=\"kleueckpgoyeavyelywveajoggueradqmnor\">\n<div class=\"brz-bg\">\n<div class=\"brz-bg-color\"><\/div>\n<\/div>\n<div class=\"brz-container brz-css-1u8gf16 brz-css-aagx5k\">\n<div id=\"\" class=\"brz-css-uofn9e brz-css-q6p6yv brz-wrapper\">\n<div class=\"brz-rich-text brz-rich-text__custom brz-css-wfktb2\" data-brz-custom-id=\"yrkiwgkentooknrcxqltjfygzfotlkldlwzt\">\n<div data-brz-translate-text=\"1\">\n<p class=\"brz-text-xs-center brz-text-lg-center brz-tp-lg-subtitle brz-css-mtjTs\" data-uniq-id=\"ljbaf\" data-generated-css=\"brz-css-svdzv\"><span class=\"brz-cp-color5\">SAPANCA DA\u011eD\u0130B\u0130 BUNGALOV<\/span><\/p>\n<\/div>\n<\/div>\n<\/div>\n<div class=\"brz-row__container brz-css-79it2l\" data-brz-custom-id=\"fxrbnzrpbwgghzoxtkkvsfgvfxdodttcubrk\">\n<div class=\"brz-bg\"><\/div>\n<div class=\"brz-row brz-css-72vnw9 brz-css-1g1c45b\">\n<div class=\"brz-columns brz-css-1uzzda5 brz-css-1114cfr\" data-brz-custom-id=\"rajxxramysjgyesaafddzkjuhxnxnaywsbbq\">\n<div class=\"brz-bg\"><\/div>\n<div class=\"brz-column__items brz-css-18u081v\">\n<div id=\"\" class=\"brz-css-uofn9e brz-wrapper\">\n<div class=\"brz-rich-text brz-rich-text__custom brz-css-wfktb2\" data-brz-custom-id=\"cgqoschsjybhcolcwfvkgeqsltyxwlyslunz\">\n<div data-brz-translate-text=\"1\">\n<h2 class=\"brz-lh-xs-1_3 brz-ls-xs-m_0_5 brz-fw-xs-700 brz-fss-xs-px brz-fs-xs-21 brz-tp-xs-empty brz-text-xs-center brz-text-lg-center brz-ft-google brz-fs-lg-46 brz-fss-lg-px brz-fw-lg-400 brz-ls-lg-m_1_5 brz-lh-lg-1_3 brz-tp-lg-empty brz-ff-palanquin_dark brz-css-wuThz\" data-uniq-id=\"rvbrh\" data-generated-css=\"brz-css-wkttn\"><span>\u0130leti\u015fim  &amp;  Geribildirim<\/span><\/h2>\n<\/div>\n<\/div>\n<\/div>\n<\/div>\n<\/div>\n<\/div>\n<\/div>\n<\/div>\n<\/div>\n<\/section>\n<section id=\"_fgrxahtjvmahhjycacipjjfttvtqhhxpeiuh\" class=\"brz-section brz-css-1d255v2\">\n<div class=\"brz-section__content brz-section--boxed brz-css-f8uoao brz-css-1u3hubk\" data-brz-custom-id=\"mbyupicrnikbguoxgdzrqingeyenqfbaxkic\">\n<div class=\"brz-bg\">\n<div class=\"brz-bg-color\"><\/div>\n<\/div>\n<div class=\"brz-container brz-css-1u8gf16 brz-css-1isdt96\">\n<div id=\"\" class=\"brz-css-uofn9e brz-wrapper\">\n<div class=\"brz-rich-text brz-rich-text__custom brz-css-wfktb2\" data-brz-custom-id=\"bpzsffmsbkbvtzfkodnkvmqmyjrfimyeouvb\">\n<div data-brz-translate-text=\"1\">\n<h4 class=\"brz-ls-lg-1_2 brz-fw-lg-500 brz-fss-lg-px brz-fs-lg-20 brz-ft-google brz-ff-palanquin_dark brz-tp-lg-empty brz-lh-lg-1_8 brz-tp-xs-empty brz-fs-xs-11 brz-fss-xs-px brz-fw-xs-500 brz-ls-xs-1_2 brz-lh-xs-1_8 brz-text-xs-center brz-css-vCDqk\" data-uniq-id=\"rmyaf\" data-generated-css=\"brz-css-ioeah\"><span>Bize tesisimiz ile ilgili merak ettiklerinizi mesaj olarak iletebilirsiniz&#8230;<\/span><\/h4>\n<\/div>\n<\/div>\n<\/div>\n<div id=\"\" class=\"brz-css-uofn9e brz-css-y2cl62 brz-css-1sdu8lg brz-wrapper\">\n<div class=\"brz-spacer brz-css-1cqu5zr brz-css-ikayu8\"><\/div>\n<\/div>\n<div id=\"\" class=\"brz-css-uofn9e brz-wrapper\">\n<div data-brz-form-version=\"2\" class=\"brz-forms2 brz-css-6pt1fk brz-css-12hjvjd\" data-brz-custom-id=\"gocwmljmcnatssusbucwgjrfmwibuplhpanq\">\n<div data-brz-translate-text=\"1\" class=\"brz-forms2__item brz-css-agrl9w brz-css-1fadxgi brz-css-m1or9w brz-css-1pw80j1\"><\/div>\n<div data-brz-translate-text=\"1\" class=\"brz-forms2__item brz-css-agrl9w brz-css-1fadxgi brz-css-m1or9w brz-css-1r4lrpz\"><\/div>\n<div data-brz-translate-text=\"1\" class=\"brz-forms2__item brz-css-agrl9w brz-css-1fadxgi brz-css-m1or9w\"><\/div>\n<div data-brz-translate-text=\"1\" class=\"brz-forms2__item brz-css-agrl9w brz-css-1fadxgi brz-css-m1or9w brz-css-19cr3yj\"><textarea id=\"ilqvDdGUM4ng_\" name=\"hwkbttghxiwrxqnqdjlynbxigqyzwiissvrj\" data-brz-type=\"Paragraph\" data-brz-label=\"Message\" data-brz-placeholder=\"Message\" class=\"brz-textarea brz-forms2__field brz-forms2__field-paragraph\"><\/textarea><\/div>\n<div class=\"brz-forms2 brz-forms2__item brz-forms2__item-button\" data-brz-custom-id=\"gocwmljmcnatssusbucwgjrfmwibuplhpanq\"><button class=\"brz-btn brz-btn-submit brz-css-1y43b07 brz-css-17fs9q9\" data-brz-custom-id=\"lprulxygorbscvkgcdgxxspjwrddhnhjppvo\"><span data-brz-translate-text=\"1\" class=\"brz-span brz-text__editor\">MESAJ YOLLA<\/span><\/button><\/div>\n<div class=\"brz-g-recaptcha\" data-sitekey=\"\" data-size=\"invisible\" data-callback=\"brzFormV2Captcha\"><\/div>\n<\/div>\n<\/div>\n<\/div>\n<\/div>\n<\/section>\n<section id=\"_bevpczbpzsfjxsayqgngcyjnukmrvwpnyrge\" class=\"brz-section brz-css-1d255v2\">\n<div class=\"brz-section__content brz-section--boxed brz-css-f8uoao brz-css-1tu16gp\" data-brz-custom-id=\"qsnudlzxytrtfgbwqoumkvatrxsjwdgggsrs\">\n<div class=\"brz-bg\">\n<div class=\"brz-bg-color\"><\/div>\n<\/div>\n<div class=\"brz-container brz-css-1u8gf16 brz-css-2oxa2k\">\n<div class=\"brz-row__container brz-css-79it2l\" data-brz-custom-id=\"ykgokkttzeyrcjchtlsfxnnzjemofzgadjhv\">\n<div class=\"brz-bg\"><\/div>\n<div class=\"brz-row brz-css-72vnw9 brz-css-1g1c45b\">\n<div class=\"brz-columns brz-css-1uzzda5 brz-css-12we6z7\" data-brz-custom-id=\"gezxiezzgcrfeybdmhwuoqydcrspeyldpxes\">\n<div class=\"brz-bg\">\n<div class=\"brz-bg-color\"><\/div>\n<\/div>\n<div class=\"brz-column__items brz-css-18u081v brz-css-10g9lvg\">\n<div class=\"brz-row__container brz-css-79it2l\" data-brz-custom-id=\"gogjzctafpbgipjqirwoxoorazczkbjnspaw\">\n<div class=\"brz-bg\"><\/div>\n<div class=\"brz-row brz-row--inner brz-css-72vnw9 brz-css-1g1c45b\">\n<div class=\"brz-columns brz-css-1uzzda5 brz-css-1f9osk\" data-brz-custom-id=\"gtgvnqiyhrjvyftseeriniolkrhzeeqxegiz\">\n<div class=\"brz-bg\"><\/div>\n<div class=\"brz-column__items brz-css-18u081v brz-css-107gg2q\">\n<div id=\"\" class=\"brz-css-uofn9e brz-css-9mq104 brz-wrapper\">\n<div class=\"brz-image brz-css-194j5hs\" data-brz-custom-id=\"ewpnyidseiosbwmqwmrdawgyxwuxfyffblek\"><img decoding=\"async\" class=\"brz-img\" src=\"https:\/\/dagdibibungalov.com\/wp-content\/uploads\/brizy\/imgs\/45f7bec239bc0f7d265a29ff015ba828-88x82x0x0x68x82x1665279155.png\" alt=\"\" loading=\"lazy\"><\/div>\n<\/div>\n<\/div>\n<\/div>\n<div class=\"brz-columns brz-css-1uzzda5 brz-css-1nbh62w\" data-brz-custom-id=\"ewsbsqehsnshiwmwdfhoyygacjprsedgpmfi\">\n<div class=\"brz-bg\"><\/div>\n<div class=\"brz-column__items brz-css-18u081v brz-css-1uifgax\">\n<div id=\"\" class=\"brz-css-uofn9e brz-wrapper\">\n<div class=\"brz-rich-text brz-rich-text__custom brz-css-wfktb2\" data-brz-custom-id=\"gbuxntuilzwpanmfylxioxjhzczcibheffhi\">\n<div data-brz-translate-text=\"1\">\n<h2 class=\"brz-tp-lg-empty brz-ff-prata brz-ft-google brz-fs-lg-27 brz-fss-lg-px brz-fw-lg-400 brz-ls-lg-m_1_5 brz-lh-lg-1_3 brz-text-xs-center brz-mb-xs-0 brz-text-sm-center brz-css-l5x70\" data-generated-css=\"brz-css-nhfda\" data-uniq-id=\"gvftx\"><span class=\"brz-cp-color5\">Adres <\/span><\/h2>\n<\/div>\n<\/div>\n<\/div>\n<\/div>\n<\/div>\n<\/div>\n<\/div>\n<div id=\"\" class=\"brz-css-uofn9e brz-css-y2cl62 brz-css-x25wij brz-wrapper\">\n<div class=\"brz-spacer brz-css-1cqu5zr brz-css-60xbz1\"><\/div>\n<\/div>\n<div id=\"\" class=\"brz-css-uofn9e brz-wrapper\">\n<div class=\"brz-rich-text brz-rich-text__custom brz-css-wfktb2\" data-brz-custom-id=\"zjnbsurexebfjlcrwjpacudwjjkuuddisejb\">\n<div data-brz-translate-text=\"1\">\n<p class=\"brz-tp-lg-empty brz-ff-montserrat brz-ft-google brz-fs-lg-17 brz-fss-lg-px brz-fw-lg-300 brz-ls-lg-m_0_5 brz-lh-lg-1_8 brz-text-xs-center brz-mb-xs-3 brz-mt-xs-8 brz-text-sm-center brz-css-b_1DW\" data-uniq-id=\"mkvfi\" data-generated-css=\"brz-css-tbrjz\"><span class=\"brz-cp-color8\"> <\/span><strong class=\"brz-cp-color8\">Sapanca Da\u011fdibi Bungalov<\/strong><\/p>\n<p data-uniq-id=\"vcell\" data-generated-css=\"brz-css-gpyhq\" class=\"brz-tp-lg-empty brz-ff-montserrat brz-ft-google brz-fs-lg-15 brz-fss-lg-px brz-fw-lg-300 brz-ls-lg-m_0_5 brz-lh-lg-1_8 brz-text-xs-center brz-text-sm-center brz-css-hYbNb\"><span class=\"brz-cp-color8\"> Balkaya Mahallesi Balkaya Caddesi No: 35<\/span><\/p>\n<p data-uniq-id=\"zdksp\" data-generated-css=\"brz-css-rqbja\" class=\"brz-tp-lg-empty brz-ff-montserrat brz-ft-google brz-fs-lg-15 brz-fss-lg-px brz-fw-lg-300 brz-ls-lg-m_0_5 brz-lh-lg-1_8 brz-text-xs-center brz-text-sm-center brz-css-lBE3m\"><span class=\"brz-cp-color8\"> 54600 Sapanca\/Sakarya<\/span><\/p>\n<\/div>\n<\/div>\n<\/div>\n<div id=\"\" class=\"brz-css-uofn9e brz-wrapper\">\n<div class=\"brz-rich-text brz-rich-text__custom brz-css-wfktb2\" data-brz-custom-id=\"myzcnmyusbjjcfccqifsnimtizltcqpbwgbe\">\n<div data-brz-translate-text=\"1\">\n<p class=\"brz-tp-lg-paragraph brz-text-xs-center brz-mb-xs-11 brz-text-sm-center brz-css-j1BDX\" data-generated-css=\"brz-css-ktumz\" data-uniq-id=\"zbtya\"><a class=\"brz-cp-color5 link--external\" href=\"905379719426\" data-brz-link-type=\"external\" target=\"_blank\"><strong>+90 537 971 94 26<\/strong><\/a><\/p>\n<\/div>\n<\/div>\n<\/div>\n<\/div>\n<\/div>\n<div class=\"brz-columns brz-css-1uzzda5 brz-css-tdp7oa\" data-brz-custom-id=\"xmjyhwiembicyizdamnqjtiyulrkuycfietd\">\n<div class=\"brz-bg\"><\/div>\n<div class=\"brz-column__items brz-css-18u081v brz-css-rro3mh\">\n<div id=\"\" class=\"brz-css-uofn9e brz-wrapper\">\n<div class=\"brz-map brz-map_styles brz-css-gw2qts brz-css-25931\" data-brz-custom-id=\"exgynpbilfgzkbdpvtfweivjqjqbcogusspf\">\n<div class=\"brz-ui-ed-map-content\"><\/div>\n<\/div>\n<\/div>\n<\/div>\n<\/div>\n<\/div>\n<\/div>\n<\/div>\n<\/div>\n<\/section>\n<\/div>\n<p>    <!-- version:1737198748 --><\/p>\n","protected":false},"excerpt":{"rendered":"<p>SAPANCA DA\u011eD\u0130B\u0130 BUNGALOV \u0130leti\u015fim &amp; Geribildirim Bize tesisimiz ile ilgili merak ettiklerinizi mesaj olarak iletebilirsiniz&#8230; MESAJ YOLLA Adres Sapanca Da\u011fdibi Bungalov Balkaya Mahallesi Balkaya Caddesi No: 35 54600 Sapanca\/Sakarya +90 537 971 94 26<\/p>\n","protected":false},"author":1,"featured_media":0,"parent":0,"menu_order":6,"comment_status":"closed","ping_status":"closed","template":"brizy-blank-template.php","meta":{"footnotes":""},"class_list":["post-95","page","type-page","status-publish","hentry"],"brizy_media":[{"id":1409,"url":"https:\/\/dagdibibungalov.com\/wp-content\/uploads\/2022\/10\/logo-beyaz1000x1000.png","name":"logo-beyaz1000x1000.png","meta":{"brizy_attachment_uid":"wp-4db41b3dbf313fcf71ff2ab764851788.png","brizy_post_uid":["bb30a039154ee958b68bc7b8fb598b9d","34fbc2b7dd9c609b49353ee68cfc4ddb"]}},{"id":1411,"url":"https:\/\/dagdibibungalov.com\/wp-content\/uploads\/2022\/10\/2.jpg","name":"2.jpg","meta":{"brizy_attachment_uid":"wp-5b7baf981ef70ce97ea4dad1f082919f.jpg","brizy_post_uid":["bb30a039154ee958b68bc7b8fb598b9d","34fbc2b7dd9c609b49353ee68cfc4ddb"]}},{"id":1428,"url":"https:\/\/dagdibibungalov.com\/wp-content\/uploads\/2022\/10\/koala.png","name":"koala.png","meta":{"brizy_attachment_uid":"wp-d5bab1aa30d4d02f53885dfa0d61220e.png","brizy_post_uid":["34fbc2b7dd9c609b49353ee68cfc4ddb"]}}],"_links":{"self":[{"href":"https:\/\/dagdibibungalov.com\/index.php?rest_route=\/wp\/v2\/pages\/95","targetHints":{"allow":["GET"]}}],"collection":[{"href":"https:\/\/dagdibibungalov.com\/index.php?rest_route=\/wp\/v2\/pages"}],"about":[{"href":"https:\/\/dagdibibungalov.com\/index.php?rest_route=\/wp\/v2\/types\/page"}],"author":[{"embeddable":true,"href":"https:\/\/dagdibibungalov.com\/index.php?rest_route=\/wp\/v2\/users\/1"}],"replies":[{"embeddable":true,"href":"https:\/\/dagdibibungalov.com\/index.php?rest_route=%2Fwp%2Fv2%2Fcomments&post=95"}],"version-history":[{"count":8,"href":"https:\/\/dagdibibungalov.com\/index.php?rest_route=\/wp\/v2\/pages\/95\/revisions"}],"predecessor-version":[{"id":1570,"href":"https:\/\/dagdibibungalov.com\/index.php?rest_route=\/wp\/v2\/pages\/95\/revisions\/1570"}],"wp:attachment":[{"href":"https:\/\/dagdibibungalov.com\/index.php?rest_route=%2Fwp%2Fv2%2Fmedia&parent=95"}],"curies":[{"name":"wp","href":"https:\/\/api.w.org\/{rel}","templated":true}]}}