{"id":77,"date":"2021-12-02T15:28:52","date_gmt":"2021-12-02T15:28:52","guid":{"rendered":"https:\/\/websitebuilder-demo.net\/alpinelodge\/?page_id=77"},"modified":"2021-12-02T15:28:52","modified_gmt":"2021-12-02T15:28:52","slug":"sizden-gelenler","status":"publish","type":"page","link":"https:\/\/dagdibibungalov.com\/?page_id=77","title":{"rendered":"Sizden Gelenler"},"content":{"rendered":"<div class=\"brz-root__container brz-reset-all\">\n<section data-uid=\"gmuvaibvdcmlfsqzakyrsvfieposftnfumzq\" id=\"gmuvaibvdcmlfsqzakyrsvfieposftnfumzq\" class=\"brz-section brz-css-ftcns\">\n<div class=\"brz-section__content brz-section--boxed brz-css-vehvr brz-css-nkwkx\" data-custom-id=\"vkjlfuyqgpvhkkilawvynaytbiyanjepdgbp\">\n<div class=\"brz-bg\">\n<div class=\"brz-bg-image\"><\/div>\n<\/div>\n<div class=\"brz-container brz-css-hpcbz\">\n<div class=\"brz-css-scgkn brz-css-xvyad brz-wrapper\">\n<div class=\"brz-spacer brz-css-dvgcs brz-css-vwkrb\"><\/div>\n<\/div>\n<\/div>\n<\/div>\n<\/section>\n<section data-uid=\"kryjwhxnpssosxuewktcdkmgcttvuotgknft\" id=\"kryjwhxnpssosxuewktcdkmgcttvuotgknft\" class=\"brz-section brz-css-ftcns\">\n<div class=\"brz-section__content brz-section--boxed brz-css-vehvr brz-css-porta\" data-custom-id=\"lgagxifgktxxuxwgxtrhcvkrvckromnycoqr\">\n<div class=\"brz-bg\">\n<div class=\"brz-bg-color\"><\/div>\n<\/div>\n<div class=\"brz-container brz-css-hpcbz\">\n<div class=\"brz-css-scgkn brz-css-djhyg brz-wrapper\">\n<div class=\"brz-rich-text brz-rich-text__custom brz-css-jedyn\" data-custom-id=\"bchjztjldxhrsnzjfuyrvywuymlesubjppyl\">\n<div>\n<p class=\"brz-css-xeiat\" data-uniq-id=\"bztsl\" data-generated-css=\"brz-css-nvtfr\">SAPANCA DA\u011eD\u0130B\u0130 BUNGALOV<\/p>\n<\/div>\n<\/div>\n<\/div>\n<div class=\"brz-row__container brz-css-mamqa\" data-custom-id=\"zsvtodlmapnlrhtciatwcejmwfawjftbpkee\">\n<div class=\"brz-row brz-css-xnjnd brz-css-cfwqe\">\n<div class=\"brz-columns brz-css-fhmmp brz-css-atcrr\" data-custom-id=\"wlolmeipeopssfhkvgbpswnlrujkloczdkov\">\n<div class=\"brz-column__items brz-css-mxjtn\">\n<div class=\"brz-css-scgkn brz-wrapper\">\n<div class=\"brz-rich-text brz-rich-text__custom brz-css-jedyn\" data-custom-id=\"gyoomipzldixznsqqayyxncfpmgzimkkcqsq\">\n<div>\n<h2 class=\"brz-css-tcfvx\" data-uniq-id=\"gcmst\" data-generated-css=\"brz-css-kfrvc\"><span class=\"brz-cp-color2\">S\u0130ZDEN GELENLER ALB\u00dcM\u00dc<\/span><\/h2>\n<\/div>\n<\/div>\n<\/div>\n<\/div>\n<\/div>\n<\/div>\n<\/div>\n<div class=\"brz-css-scgkn brz-css-xvyad brz-wrapper\">\n<div class=\"brz-spacer brz-css-dvgcs brz-css-levlb\"><\/div>\n<\/div>\n<div class=\"brz-css-scgkn brz-css-savxw brz-wrapper\">\n<div class=\"brz-rich-text brz-rich-text__custom brz-css-jedyn\" data-custom-id=\"mngerhqdjnmnfxwnuollxstpnjnxafjnhnlg\">\n<div>\n<p class=\"brz-css-wyadg\" data-uniq-id=\"lnwbh\" data-generated-css=\"brz-css-fpysy\"><span class=\"brz-cp-color4\">Siz k\u0131ymetli misafirlerimizin bizimle payla\u015fmak istedi\u011fi foto\u011fraf ve an\u0131lar\u0131n\u0131 g\u00fcnl\u00fc <\/span><\/p>\n<\/div>\n<\/div>\n<\/div>\n<\/div>\n<\/div>\n<\/section>\n<section data-uid=\"wsmvmjwjlgkthfvlmgqpmnnaorxtxcisndcq\" id=\"wsmvmjwjlgkthfvlmgqpmnnaorxtxcisndcq\" class=\"brz-section brz-css-ftcns brz-css-vrlde\">\n<div class=\"brz-slick-slider brz-slick-slider__section\" data-slides-to-show=\"1\" data-slides-to-scroll=\"1\" data-arrows=\"true\" data-dots=\"true\" data-dots-class=\"brz-slick-slider__dots brz-slick-slider__dots--circle\" data-fade=\"false\" data-vertical=\"false\" data-auto-play=\"true\" data-auto-play-speed=\"5000\" data-swipe=\"true\" data-responsive=\"%5B%7B%22breakpoint%22%3A767%2C%22settings%22%3A%7B%22slidesToShow%22%3A1%2C%22slidesToScroll%22%3A1%7D%7D%5D\">\n<div>\n<div class=\"brz-section__content brz-section--boxed brz-css-vehvr brz-css-enutv\" data-custom-id=\"emxbuyvuayuqlfrurvaueomgesuxnneqoeui\">\n<div class=\"brz-bg\">\n<div class=\"brz-bg-color\"><\/div>\n<\/div>\n<div class=\"brz-container brz-css-hpcbz brz-css-lwyqv\">\n<div class=\"brz-css-scgkn brz-wrapper\">\n<div class=\"brz-image brz-css-ljhoh\"><picture class=\"brz-picture brz-d-block brz-p-relative brz-css-arvmj\" data-custom-id=\"yobxvxuogwpgnnaazclkzdtnosfaedfvnzrk\"><source srcset=\"http:\/\/www.dagdibibungalov.com\/wp-content\/uploads\/brizy\/imgs\/IMG_1229-1-scaled-1112x741x0x21x1112x699x1654358372.jpg 1x, http:\/\/www.dagdibibungalov.com\/?brizy_media=wp-c878a1988482198c701b240082710e1a.jpg&#038;brizy_crop=iW%3D2224%26iH%3D1482%26oX%3D0%26oY%3D42%26cW%3D2224%26cH%3D1398 2x\" media=\"(min-width: 992px)\" \/><source srcset=\"http:\/\/www.dagdibibungalov.com\/?brizy_media=wp-c878a1988482198c701b240082710e1a.jpg&#038;brizy_crop=iW%3D730%26iH%3D486%26oX%3D0%26oY%3D14%26cW%3D730%26cH%3D459 1x, http:\/\/www.dagdibibungalov.com\/?brizy_media=wp-c878a1988482198c701b240082710e1a.jpg&#038;brizy_crop=iW%3D1460%26iH%3D972%26oX%3D0%26oY%3D28%26cW%3D1460%26cH%3D918 2x\" media=\"(min-width: 768px)\" \/><img decoding=\"async\" class=\"brz-img\" srcset=\"http:\/\/www.dagdibibungalov.com\/?brizy_media=wp-c878a1988482198c701b240082710e1a.jpg&#038;brizy_crop=iW%3D409%26iH%3D272%26oX%3D0%26oY%3D0%26cW%3D409%26cH%3D272 1x, http:\/\/www.dagdibibungalov.com\/?brizy_media=wp-c878a1988482198c701b240082710e1a.jpg&#038;brizy_crop=iW%3D818%26iH%3D544%26oX%3D0%26oY%3D0%26cW%3D818%26cH%3D544 2x\" src=\"http:\/\/www.dagdibibungalov.com\/wp-content\/uploads\/brizy\/imgs\/IMG_1229-1-scaled-1112x741x0x21x1112x699x1654358372.jpg\" alt=\"\" draggable=\"false\" loading=\"lazy\" \/><\/picture><\/div>\n<\/div>\n<\/div>\n<\/div>\n<\/div>\n<div>\n<div class=\"brz-section__content brz-section--boxed brz-css-vehvr brz-css-tawnr\" data-custom-id=\"huvnasfwcenrpkmqpnqfvsgzwcqvrekadxlu\">\n<div class=\"brz-bg\">\n<div class=\"brz-bg-color\"><\/div>\n<\/div>\n<div class=\"brz-container brz-css-hpcbz brz-css-gjhjt\">\n<div class=\"brz-css-scgkn brz-wrapper\">\n<div class=\"brz-image brz-css-aajgm\"><picture class=\"brz-picture brz-d-block brz-p-relative brz-css-ybfwc\" data-custom-id=\"xqeswijfreuzttyzdifmdcmfuloajhpaufbs\"><source srcset=\"http:\/\/www.dagdibibungalov.com\/wp-content\/uploads\/brizy\/imgs\/IMG_4982-1-scaled-1112x1482x0x392x1112x699x1654358477.jpg 1x, http:\/\/www.dagdibibungalov.com\/?brizy_media=wp-0a0ed0d5bdef922b5d491a48fc1e2e5d.jpg&#038;brizy_crop=iW%3D2224%26iH%3D2964%26oX%3D0%26oY%3D784%26cW%3D2224%26cH%3D1398 2x\" media=\"(min-width: 992px)\" \/><source srcset=\"http:\/\/www.dagdibibungalov.com\/?brizy_media=wp-0a0ed0d5bdef922b5d491a48fc1e2e5d.jpg&#038;brizy_crop=iW%3D730%26iH%3D973%26oX%3D0%26oY%3D257%26cW%3D730%26cH%3D459 1x, http:\/\/www.dagdibibungalov.com\/?brizy_media=wp-0a0ed0d5bdef922b5d491a48fc1e2e5d.jpg&#038;brizy_crop=iW%3D1460%26iH%3D1946%26oX%3D0%26oY%3D514%26cW%3D1460%26cH%3D918 2x\" media=\"(min-width: 768px)\" \/><img decoding=\"async\" class=\"brz-img\" srcset=\"http:\/\/www.dagdibibungalov.com\/?brizy_media=wp-0a0ed0d5bdef922b5d491a48fc1e2e5d.jpg&#038;brizy_crop=iW%3D409%26iH%3D545%26oX%3D0%26oY%3D0%26cW%3D409%26cH%3D545 1x, http:\/\/www.dagdibibungalov.com\/?brizy_media=wp-0a0ed0d5bdef922b5d491a48fc1e2e5d.jpg&#038;brizy_crop=iW%3D818%26iH%3D1090%26oX%3D0%26oY%3D0%26cW%3D818%26cH%3D1090 2x\" src=\"http:\/\/www.dagdibibungalov.com\/wp-content\/uploads\/brizy\/imgs\/IMG_4982-1-scaled-1112x1482x0x392x1112x699x1654358477.jpg\" alt=\"\" draggable=\"false\" loading=\"lazy\" \/><\/picture><\/div>\n<\/div>\n<\/div>\n<\/div>\n<\/div>\n<div>\n<div class=\"brz-section__content brz-section--boxed brz-css-vehvr brz-css-btptw\" data-custom-id=\"rpfdvuqcfjwxdmwnyvhtmnwoebrxobjwxfar\">\n<div class=\"brz-bg\">\n<div class=\"brz-bg-color\"><\/div>\n<\/div>\n<div class=\"brz-container brz-css-hpcbz brz-css-bpchj\">\n<div class=\"brz-css-scgkn brz-wrapper\">\n<div class=\"brz-image brz-css-cbmtl\"><picture class=\"brz-picture brz-d-block brz-p-relative brz-css-drqdj\" data-custom-id=\"fsodpyoefioxjodmhmhmturioowmuoobdwfv\"><source srcset=\"http:\/\/www.dagdibibungalov.com\/wp-content\/uploads\/brizy\/imgs\/IMG_4958-1-scaled-1112x1482x0x392x1112x699x1654358422.jpg 1x, http:\/\/www.dagdibibungalov.com\/?brizy_media=wp-a4366e3c71c702b21188d41e61d9ca93.jpg&#038;brizy_crop=iW%3D2224%26iH%3D2964%26oX%3D0%26oY%3D784%26cW%3D2224%26cH%3D1398 2x\" media=\"(min-width: 992px)\" \/><source srcset=\"http:\/\/www.dagdibibungalov.com\/?brizy_media=wp-a4366e3c71c702b21188d41e61d9ca93.jpg&#038;brizy_crop=iW%3D730%26iH%3D973%26oX%3D0%26oY%3D257%26cW%3D730%26cH%3D459 1x, http:\/\/www.dagdibibungalov.com\/?brizy_media=wp-a4366e3c71c702b21188d41e61d9ca93.jpg&#038;brizy_crop=iW%3D1460%26iH%3D1946%26oX%3D0%26oY%3D514%26cW%3D1460%26cH%3D918 2x\" media=\"(min-width: 768px)\" \/><img decoding=\"async\" class=\"brz-img\" srcset=\"http:\/\/www.dagdibibungalov.com\/?brizy_media=wp-a4366e3c71c702b21188d41e61d9ca93.jpg&#038;brizy_crop=iW%3D409%26iH%3D545%26oX%3D0%26oY%3D0%26cW%3D409%26cH%3D545 1x, http:\/\/www.dagdibibungalov.com\/?brizy_media=wp-a4366e3c71c702b21188d41e61d9ca93.jpg&#038;brizy_crop=iW%3D818%26iH%3D1090%26oX%3D0%26oY%3D0%26cW%3D818%26cH%3D1090 2x\" src=\"http:\/\/www.dagdibibungalov.com\/wp-content\/uploads\/brizy\/imgs\/IMG_4958-1-scaled-1112x1482x0x392x1112x699x1654358422.jpg\" alt=\"\" draggable=\"false\" loading=\"lazy\" \/><\/picture><\/div>\n<\/div>\n<\/div>\n<\/div>\n<\/div>\n<div>\n<div class=\"brz-section__content brz-section--boxed brz-css-vehvr brz-css-pvmys\" data-custom-id=\"lqronhznasdwsvscdzabgdjefibfiriyajif\">\n<div class=\"brz-bg\">\n<div class=\"brz-bg-color\"><\/div>\n<\/div>\n<div class=\"brz-container brz-css-hpcbz brz-css-hifmr\">\n<div class=\"brz-css-scgkn brz-wrapper\">\n<div class=\"brz-image brz-css-tguci\"><picture class=\"brz-picture brz-d-block brz-p-relative brz-css-xxgkb\" data-custom-id=\"ajuexexjnhbnvggitwdgulkabaspzodipbwt\"><source srcset=\"http:\/\/www.dagdibibungalov.com\/wp-content\/uploads\/brizy\/imgs\/IMG_4981-1-scaled-1112x1482x0x392x1112x699x1654358451.jpg 1x, http:\/\/www.dagdibibungalov.com\/?brizy_media=wp-5bc4bd01f41313df182e3621c1f3d7f2.jpg&#038;brizy_crop=iW%3D2224%26iH%3D2964%26oX%3D0%26oY%3D784%26cW%3D2224%26cH%3D1398 2x\" media=\"(min-width: 992px)\" \/><source srcset=\"http:\/\/www.dagdibibungalov.com\/?brizy_media=wp-5bc4bd01f41313df182e3621c1f3d7f2.jpg&#038;brizy_crop=iW%3D730%26iH%3D973%26oX%3D0%26oY%3D257%26cW%3D730%26cH%3D459 1x, http:\/\/www.dagdibibungalov.com\/?brizy_media=wp-5bc4bd01f41313df182e3621c1f3d7f2.jpg&#038;brizy_crop=iW%3D1460%26iH%3D1946%26oX%3D0%26oY%3D514%26cW%3D1460%26cH%3D918 2x\" media=\"(min-width: 768px)\" \/><img decoding=\"async\" class=\"brz-img\" srcset=\"http:\/\/www.dagdibibungalov.com\/?brizy_media=wp-5bc4bd01f41313df182e3621c1f3d7f2.jpg&#038;brizy_crop=iW%3D409%26iH%3D545%26oX%3D0%26oY%3D0%26cW%3D409%26cH%3D545 1x, http:\/\/www.dagdibibungalov.com\/?brizy_media=wp-5bc4bd01f41313df182e3621c1f3d7f2.jpg&#038;brizy_crop=iW%3D818%26iH%3D1090%26oX%3D0%26oY%3D0%26cW%3D818%26cH%3D1090 2x\" src=\"http:\/\/www.dagdibibungalov.com\/wp-content\/uploads\/brizy\/imgs\/IMG_4981-1-scaled-1112x1482x0x392x1112x699x1654358451.jpg\" alt=\"\" draggable=\"false\" loading=\"lazy\" \/><\/picture><\/div>\n<\/div>\n<\/div>\n<\/div>\n<\/div>\n<div>\n<div class=\"brz-section__content brz-section--boxed brz-css-vehvr brz-css-vutgk\" data-custom-id=\"ydhlxqlzuihopdbdrmnlpmqbezschovbpxbw\">\n<div class=\"brz-bg\">\n<div class=\"brz-bg-color\"><\/div>\n<\/div>\n<div class=\"brz-container brz-css-hpcbz brz-css-hlbql\">\n<div class=\"brz-css-scgkn brz-wrapper\">\n<div class=\"brz-image brz-css-sfgkv\"><picture class=\"brz-picture brz-d-block brz-p-relative brz-css-xcfyy\" data-custom-id=\"xdqiknbckacrjtyelfvsejzqzqtbyzcpmaim\"><source srcset=\"http:\/\/www.dagdibibungalov.com\/wp-content\/uploads\/brizy\/imgs\/IMG_4993-1-scaled-1112x834x0x68x1112x699x1654358505.jpg 1x, http:\/\/www.dagdibibungalov.com\/?brizy_media=wp-c79d8badf2b4ffdce6ddc5d767cd6283.jpg&#038;brizy_crop=iW%3D2224%26iH%3D1668%26oX%3D0%26oY%3D136%26cW%3D2224%26cH%3D1398 2x\" media=\"(min-width: 992px)\" \/><source srcset=\"http:\/\/www.dagdibibungalov.com\/?brizy_media=wp-c79d8badf2b4ffdce6ddc5d767cd6283.jpg&#038;brizy_crop=iW%3D730%26iH%3D547%26oX%3D0%26oY%3D44%26cW%3D730%26cH%3D459 1x, http:\/\/www.dagdibibungalov.com\/?brizy_media=wp-c79d8badf2b4ffdce6ddc5d767cd6283.jpg&#038;brizy_crop=iW%3D1460%26iH%3D1094%26oX%3D0%26oY%3D88%26cW%3D1460%26cH%3D918 2x\" media=\"(min-width: 768px)\" \/><img decoding=\"async\" class=\"brz-img\" srcset=\"http:\/\/www.dagdibibungalov.com\/?brizy_media=wp-c79d8badf2b4ffdce6ddc5d767cd6283.jpg&#038;brizy_crop=iW%3D409%26iH%3D306%26oX%3D0%26oY%3D0%26cW%3D409%26cH%3D306 1x, http:\/\/www.dagdibibungalov.com\/?brizy_media=wp-c79d8badf2b4ffdce6ddc5d767cd6283.jpg&#038;brizy_crop=iW%3D818%26iH%3D612%26oX%3D0%26oY%3D0%26cW%3D818%26cH%3D612 2x\" src=\"http:\/\/www.dagdibibungalov.com\/wp-content\/uploads\/brizy\/imgs\/IMG_4993-1-scaled-1112x834x0x68x1112x699x1654358505.jpg\" alt=\"\" draggable=\"false\" loading=\"lazy\" \/><\/picture><\/div>\n<\/div>\n<\/div>\n<\/div>\n<\/div>\n<div>\n<div class=\"brz-section__content brz-section--boxed brz-css-vehvr brz-css-coxgl\" data-custom-id=\"pvsomcewwqmvbskldxuuqzifqlakwwuotwig\">\n<div class=\"brz-bg\">\n<div class=\"brz-bg-color\"><\/div>\n<\/div>\n<div class=\"brz-container brz-css-hpcbz brz-css-ojiiv\">\n<div class=\"brz-css-scgkn brz-wrapper\">\n<div class=\"brz-image brz-css-dpztq brz-css-ehfjj\"><picture class=\"brz-picture brz-d-block brz-p-relative brz-css-zhkta\" data-custom-id=\"frnwbhqxzsqcwaopusfjpjdrgzjtslsfcide\"><source srcset=\"http:\/\/www.dagdibibungalov.com\/wp-content\/uploads\/brizy\/imgs\/DJI_0057-1-1112x1007x0x154x1112x699x1654358160.png 1x, http:\/\/www.dagdibibungalov.com\/?brizy_media=wp-a8baa55d28dfde04672fb5b124e50cff.png&#038;brizy_crop=iW%3D2224%26iH%3D2014%26oX%3D0%26oY%3D308%26cW%3D2224%26cH%3D1398 2x\" media=\"(min-width: 992px)\" \/><source srcset=\"http:\/\/www.dagdibibungalov.com\/?brizy_media=wp-a8baa55d28dfde04672fb5b124e50cff.png&#038;brizy_crop=iW%3D730%26iH%3D661%26oX%3D0%26oY%3D101%26cW%3D730%26cH%3D459 1x, http:\/\/www.dagdibibungalov.com\/?brizy_media=wp-a8baa55d28dfde04672fb5b124e50cff.png&#038;brizy_crop=iW%3D1460%26iH%3D1322%26oX%3D0%26oY%3D202%26cW%3D1460%26cH%3D918 2x\" media=\"(min-width: 768px)\" \/><img decoding=\"async\" class=\"brz-img\" srcset=\"http:\/\/www.dagdibibungalov.com\/?brizy_media=wp-a8baa55d28dfde04672fb5b124e50cff.png&#038;brizy_crop=iW%3D409%26iH%3D370%26oX%3D0%26oY%3D0%26cW%3D409%26cH%3D370 1x, http:\/\/www.dagdibibungalov.com\/?brizy_media=wp-a8baa55d28dfde04672fb5b124e50cff.png&#038;brizy_crop=iW%3D818%26iH%3D740%26oX%3D0%26oY%3D0%26cW%3D818%26cH%3D740 2x\" src=\"http:\/\/www.dagdibibungalov.com\/wp-content\/uploads\/brizy\/imgs\/DJI_0057-1-1112x1007x0x154x1112x699x1654358160.png\" alt=\"\" draggable=\"false\" loading=\"lazy\" \/><\/picture><\/div>\n<\/div>\n<\/div>\n<\/div>\n<\/div>\n<div>\n<div class=\"brz-section__content brz-section--boxed brz-css-vehvr brz-css-hgqmw\" data-custom-id=\"nqmyyttvqyflfazrkjrsvxggcniwprcsboqn\">\n<div class=\"brz-bg\">\n<div class=\"brz-bg-color\"><\/div>\n<\/div>\n<div class=\"brz-container brz-css-hpcbz brz-css-kwbff\">\n<div class=\"brz-css-scgkn brz-wrapper\">\n<div class=\"brz-image brz-css-govyi brz-css-ibnqq\"><picture class=\"brz-picture brz-d-block brz-p-relative brz-css-nutes\" data-custom-id=\"zmdltlrotlnrzkyzrdlykcihjbwmvnaygjjc\"><source srcset=\"http:\/\/www.dagdibibungalov.com\/wp-content\/uploads\/brizy\/imgs\/DJI_0057-1-1112x1007x0x154x1112x699x1654358160.png 1x, http:\/\/www.dagdibibungalov.com\/?brizy_media=wp-a8baa55d28dfde04672fb5b124e50cff.png&#038;brizy_crop=iW%3D2224%26iH%3D2014%26oX%3D0%26oY%3D308%26cW%3D2224%26cH%3D1398 2x\" media=\"(min-width: 992px)\" \/><source srcset=\"http:\/\/www.dagdibibungalov.com\/?brizy_media=wp-a8baa55d28dfde04672fb5b124e50cff.png&#038;brizy_crop=iW%3D730%26iH%3D661%26oX%3D0%26oY%3D101%26cW%3D730%26cH%3D459 1x, http:\/\/www.dagdibibungalov.com\/?brizy_media=wp-a8baa55d28dfde04672fb5b124e50cff.png&#038;brizy_crop=iW%3D1460%26iH%3D1322%26oX%3D0%26oY%3D202%26cW%3D1460%26cH%3D918 2x\" media=\"(min-width: 768px)\" \/><img decoding=\"async\" class=\"brz-img\" srcset=\"http:\/\/www.dagdibibungalov.com\/?brizy_media=wp-a8baa55d28dfde04672fb5b124e50cff.png&#038;brizy_crop=iW%3D409%26iH%3D370%26oX%3D0%26oY%3D0%26cW%3D409%26cH%3D370 1x, http:\/\/www.dagdibibungalov.com\/?brizy_media=wp-a8baa55d28dfde04672fb5b124e50cff.png&#038;brizy_crop=iW%3D818%26iH%3D740%26oX%3D0%26oY%3D0%26cW%3D818%26cH%3D740 2x\" src=\"http:\/\/www.dagdibibungalov.com\/wp-content\/uploads\/brizy\/imgs\/DJI_0057-1-1112x1007x0x154x1112x699x1654358160.png\" alt=\"\" draggable=\"false\" loading=\"lazy\" \/><\/picture><\/div>\n<\/div>\n<\/div>\n<\/div>\n<\/div>\n<p><svg viewbox=\"0 0 16 16\" xmlns=\"http:\/\/www.w3.org\/2000\/svg\" class=\"brz-icon-svg brz-hidden\" data-type=\"editor\" data-name=\"right-arrow-thin\"><g class=\"nc-icon-wrapper\" fill=\"currentColor\"><title>thin<\/title><path d=\"M5.025 16L4 15.009 11.25 8 4 .991 5.025 0l7.762 7.504a.684.684 0 0 1 0 .992L5.025 16z\" fill=\"currentColor\" fill-rule=\"nonzero\" stroke=\"none\" stroke-width=\"1\" \/><\/g><\/svg>\n<\/div>\n<\/section>\n<\/div>\n<p><!-- version:1654608119 --><\/p>\n","protected":false},"excerpt":{"rendered":"<p>SAPANCA DA\u011eD\u0130B\u0130 BUNGALOV S\u0130ZDEN GELENLER ALB\u00dcM\u00dc Siz k\u0131ymetli misafirlerimizin bizimle payla\u015fmak istedi\u011fi foto\u011fraf ve an\u0131lar\u0131n\u0131 g\u00fcnl\u00fc thin<\/p>\n","protected":false},"author":1,"featured_media":0,"parent":0,"menu_order":5,"comment_status":"closed","ping_status":"closed","template":"brizy-blank-template.php","meta":{"footnotes":""},"class_list":["post-77","page","type-page","status-publish","hentry"],"brizy_media":[],"_links":{"self":[{"href":"https:\/\/dagdibibungalov.com\/index.php?rest_route=\/wp\/v2\/pages\/77","targetHints":{"allow":["GET"]}}],"collection":[{"href":"https:\/\/dagdibibungalov.com\/index.php?rest_route=\/wp\/v2\/pages"}],"about":[{"href":"https:\/\/dagdibibungalov.com\/index.php?rest_route=\/wp\/v2\/types\/page"}],"author":[{"embeddable":true,"href":"https:\/\/dagdibibungalov.com\/index.php?rest_route=\/wp\/v2\/users\/1"}],"replies":[{"embeddable":true,"href":"https:\/\/dagdibibungalov.com\/index.php?rest_route=%2Fwp%2Fv2%2Fcomments&post=77"}],"version-history":[{"count":0,"href":"https:\/\/dagdibibungalov.com\/index.php?rest_route=\/wp\/v2\/pages\/77\/revisions"}],"wp:attachment":[{"href":"https:\/\/dagdibibungalov.com\/index.php?rest_route=%2Fwp%2Fv2%2Fmedia&parent=77"}],"curies":[{"name":"wp","href":"https:\/\/api.w.org\/{rel}","templated":true}]}}